{"id":5158,"date":"2021-06-22T22:07:52","date_gmt":"2021-06-23T02:07:52","guid":{"rendered":"https:\/\/heale.fr\/organizer-of-sports-events-in-the-caribbean\/"},"modified":"2023-10-18T16:34:33","modified_gmt":"2023-10-18T20:34:33","slug":"organizer-of-sports-events-in-the-caribbean","status":"publish","type":"page","link":"https:\/\/heale.fr\/en\/organizer-of-sports-events-in-the-caribbean\/","title":{"rendered":"Organiser of sports events in the Caribbean"},"content":{"rendered":"<p>[vc_row css=&#8221;.vc_custom_1680366887174{padding-top: 40px !important;padding-bottom: 10px !important;}&#8221; el_class=&#8221;content2&#8243; responsive_css=&#8221;padding_bottom_large:50px|padding_top_medium:50px|padding_bottom_medium:25px&#8221;][vc_column enable_content_animation=&#8221;yes&#8221; ca_init_scale_x=&#8221;1&#8243; ca_init_scale_y=&#8221;1&#8243; ca_init_scale_z=&#8221;1&#8243; ca_init_opacity=&#8221;1&#8243; ca_an_scale_x=&#8221;1&#8243; ca_an_scale_y=&#8221;1&#8243; ca_an_scale_z=&#8221;1&#8243; ca_an_opacity=&#8221;1&#8243; align=&#8221;text-center&#8221; offset=&#8221;vc_col-md-offset-1 vc_col-md-10&#8243; ca_duration=&#8221;1200&#8243; ca_delay=&#8221;180&#8243; ca_init_translate_y=&#8221;73&#8243;][vc_empty_space height=&#8221;40px&#8221; el_class=&#8221;noMobile&#8221;][vc_column_text]<\/p>\n<h2 style=\"text-align: center;\">Give your sporting events a boost with our personalised solutions.<\/h2>\n<p>[\/vc_column_text]<style>.ld_spacer_69f5e8eacd5fc{height:40px;}<\/style>\r\n<div class=\"ld-empty-space ld_spacer_69f5e8eacd5fc\"><span class=\"liquid_empty_space_inner\"><\/span><\/div>[vc_column_text]Heale, specialised in organising sporting events in the Caribbean offers its expertise to help you organise high-quality events in both French (Martinique, Guadeloupe, Saint-Martin, etc.) and English-speaking islands (Saint Lucia, Dominica, Barbados, Trinidad &amp; Tobago, Bahamas, Antigua &amp; Barbuda, etc.). We provide personalised services, from defining your objectives to coordinating all stages of your event.[\/vc_column_text][\/vc_column][\/vc_row][vc_row equal_height=&#8221;yes&#8221; css=&#8221;.vc_custom_1680367096902{padding-top: 0px !important;padding-bottom: 40px !important;}&#8221; responsive_css=&#8221;padding_bottom_medium:50px&#8221; el_class=&#8221;content2 content3&#8243;][vc_column enable_content_animation=&#8221;yes&#8221; ca_init_scale_x=&#8221;1&#8243; ca_init_scale_y=&#8221;1&#8243; ca_init_scale_z=&#8221;1&#8243; ca_init_opacity=&#8221;1&#8243; ca_an_scale_x=&#8221;1&#8243; ca_an_scale_y=&#8221;1&#8243; ca_an_scale_z=&#8221;1&#8243; ca_an_opacity=&#8221;1&#8243; offset=&#8221;vc_col-lg-8 vc_col-md-6&#8243; css=&#8221;.vc_custom_1680365753898{margin-right: 0px !important;}&#8221; el_class=&#8221;content2 servicePoints&#8221; responsive_css=&#8221;margin_right_large:100px|margin_right_medium:50px&#8221;]<style>.ld_fancy_heading_69f5e8eacd749 .lqd-highlight-inner{height:0.275em;bottom:0px;}<\/style><div class=\"ld-fancy-heading ld_fancy_heading_69f5e8eacd749\">\r\n\t<p class=\"lqd-highlight-underline lqd-highlight-grow-left\" ><span class=\"ld-fh-txt\"> <\/p>\n<h3>Business plan development:<\/h3>\n<p>We develop a business plan to help you determine the resources needed for the success of your project.<\/p>\n<h3>Coordination at all stages of the event:<\/h3>\n<p>We coordinate all stages of your event, from conception to implementation.<\/p>\n<h3>Planning and implementation of the communication plan:<\/h3>\n<p>We plan and implement the necessary communication plan to promote your event.<\/p>\n<h3>Promotion of the event through various channels:<\/h3>\n<p>We help you promote your event through various channels such as digital marketing (including social media), advertising displays and public relations.<\/p>\n<h3>Search for partners and sponsors:<\/h3>\n<p>We assist you in searching for partners and sponsors to strengthen your brand image and generate revenues.<\/p>\n<h3>Management of relations with the media and local authorities:<\/h3>\n<p>Ensure good relations with the media and local authorities to obtain adequate media coverage.<\/span><\/p><\/div>[\/vc_column][vc_column parallax=&#8221;yes&#8221; scale_from_x=&#8221;1&#8243; scale_from_y=&#8221;1&#8243; scale_from_z=&#8221;1&#8243; from_opacity=&#8221;1&#8243; scale_to_x=&#8221;1&#8243; scale_to_y=&#8221;1&#8243; scale_to_z=&#8221;1&#8243; to_opacity=&#8221;1&#8243; offset=&#8221;vc_col-lg-4 vc_col-md-6&#8243; translate_from_y=&#8221;105&#8243; translate_to_y=&#8221;-135&#8243;]<div id=\"ld_freakin_image_69f5e8eacda91\" class=\"lqd-frickin-img ld_freakin_image_69f5e8eacda91\" data-inview=\"true\" data-inview-options='{ \"delayTime\": 250, \"threshold\": 0.75 }'>\r\n\t<div class=\"lqd-frickin-img-inner\">\r\n\r\n\t\t<span class=\"lqd-frickin-img-bg\"><\/span><!-- \/.lqd-frickin-img-bg -->\r\n\t\t<div class=\"lqd-frickin-img-holder\"><figure data-responsive-bg=\"true\"><img loading=\"lazy\" decoding=\"async\" width=\"800\" height=\"1000\" src=\"data:image\/svg+xml;charset=utf-8,&lt;svg xmlns%3D&#039;http%3A%2F%2Fwww.w3.org%2F2000%2Fsvg&#039; viewBox%3D&#039;0 0 800 1000&#039;%2F&gt;\" class=\"attachment-full size-full ld-lazyload\" alt=\"Organisateur d\u2019\u00e9v\u00e8nements sportifs dans les Cara\u00efbes\" srcset=\"\" sizes=\"auto, (max-width: 800px) 100vw, 800px\" data-src=\"https:\/\/heale.fr\/wp-content\/uploads\/2023\/04\/pexels-wallace-chuck-2874717.jpg\" data-srcset=\"https:\/\/heale.fr\/wp-content\/uploads\/2023\/04\/pexels-wallace-chuck-2874717.jpg 800w, https:\/\/heale.fr\/wp-content\/uploads\/2023\/04\/pexels-wallace-chuck-2874717-240x300.jpg 240w\" data-aspect=\"0.8\" \/><\/figure><\/div>\r\n\t<\/div><!-- \/.lqd-frickin-img-inner -->\r\n<\/div><!-- \/.lqd-frickin-img -->[\/vc_column][\/vc_row][vc_row css=&#8221;.vc_custom_1659452356160{padding-top: 50px !important;padding-bottom: 50px !important;}&#8221; el_class=&#8221;contentSection portfolio&#8221; el_id=&#8221;realisation&#8221;][vc_column]<style>.ld_fancy_heading_69f5e8eadd8c4 h2{font-size:30px;line-height:1em;font-weight:400;letter-spacing:-0.025em;}.ld_fancy_heading_69f5e8eadd8c4 h2 {padding-bottom:30px !important;  } @media (min-width: 1200px) { .ld_fancy_heading_69f5e8eadd8c4 h2 {padding-bottom:40px !important;  }  } .ld_fancy_heading_69f5e8eadd8c4 h2 {margin-bottom:0px !important;  } .ld_fancy_heading_69f5e8eadd8c4 .lqd-highlight-inner{height:0.275em;bottom:0px;}.ld_fancy_heading_69f5e8eadd8c4 h2 {padding-bottom:30px !important;  } @media (min-width: 1200px) { .ld_fancy_heading_69f5e8eadd8c4 h2 {padding-bottom:40px !important;  }  } .ld_fancy_heading_69f5e8eadd8c4 h2 {margin-bottom:0px !important;  } <\/style><div class=\"ld-fancy-heading content2 ld_fancy_heading_69f5e8eadd8c4\">\r\n\t<h2 class=\"lqd-highlight-underline lqd-highlight-grow-left\" data-fittext=\"true\" data-fittext-options='{\"compressor\":0.65,\"maxFontSize\":\"currentFontSize\",\"minFontSize\":\"48\"}'><span class=\"ld-fh-txt\"> <span style=\"font-weight: normal\"><b>Presentation of a sports event that we have organised. <\/b><\/span><\/span><\/h2><\/div><style>.ld_portfolio_listing_69f5e8eaddd8b .ld-pf-item .ld-pf-bg{background:-webkit-linear-gradient(0deg, rgba(0, 0, 0, 0.7) 0.3184713375796178%, rgba(0,0,0,0) 100%);background:linear-gradient(0deg, rgba(0, 0, 0, 0.7) 0.3184713375796178%, rgba(0,0,0,0) 100%);}.ld_portfolio_listing_69f5e8eaddd8b .liquid-filter-items{margin-bottom:50px;}.ld_portfolio_listing_69f5e8eaddd8b .grid-69f5e8eadf4ad{margin-left:-15px;margin-right:-15px;}.ld_portfolio_listing_69f5e8eaddd8b .grid-69f5e8eadf4ad .masonry-item{padding-left:15px;padding-right:15px;}.ld_portfolio_listing_69f5e8eaddd8b .grid-69f5e8eadf4ad .ld-pf-item{margin-bottom:30px;}<\/style><div class=\"carousel-container carousel-nav-circle carousel-nav-bordered carousel-nav-sm ld_portfolio_listing_69f5e8eaddd8b\" data-filterable-carousel=\"true\"><div class=\"carousel-items row\" data-lqd-flickity='{ \"autoplay\": false, \"equalHeightCells\": true, \"filters\": \"#ra1524914102171-d22fa729-eee1\", \"prevNextButtons\": true, \"navArrow\": 6, \"fullwidthSide\": true, \"buttonsAppendTo\": \"#ra1524914102171-d22fa729-eee1\" }' data-custom-animations=\"true\" data-ca-options='{\"triggerHandler\":\"inview\",\"animationTarget\":\".ld-pf-item\",\"animateTargetsWhenVisible\":\"true\",\"duration\":\"1000\",\"delay\":100,\"easing\":\"easeOutQuint\",\"initValues\":{\"translateX\":36,\"opacity\":0},\"animations\":{\"translateX\":0,\"opacity\":1}}'><div class=\"col-lg-6 col-md-6 col-xs-12 carousel-item events-communication-consulting\">\n\t\n\t<article id=\"post-5148\" class=\"ld-pf-item ld-pf-light pf-details-inside pf-details-visible pf-details-full pf-details-h-str pf-details-v-end title-size-48 pf-hover-shadow post-5148 liquid-portfolio type-liquid-portfolio status-publish format-standard has-post-thumbnail hentry liquid-portfolio-category-events-communication-consulting\">\n\t\t\n\t\t<div class=\"ld-pf-inner\">\n\t\t\t\n\t\t\t<div class=\"ld-pf-image\">\n\t\t\t\t<figure data-responsive-bg=\"true\" ><img loading=\"lazy\" decoding=\"async\" width=\"1000\" height=\"1401\" src=\"data:image\/svg+xml;charset=utf-8,&lt;svg xmlns%3D&#039;http%3A%2F%2Fwww.w3.org%2F2000%2Fsvg&#039; viewBox%3D&#039;0 0 1000 1401&#039;%2F&gt;\" class=\"attachment- size- ld-lazyload wp-post-image\" alt=\"\" srcset=\"\" sizes=\"auto, (max-width: 1000px) 100vw, 1000px\" data-src=\"https:\/\/heale.fr\/wp-content\/uploads\/2021\/07\/52083714696_f94f3ca235_o.jpg\" data-srcset=\"https:\/\/heale.fr\/wp-content\/uploads\/2021\/07\/52083714696_f94f3ca235_o.jpg 1000w, https:\/\/heale.fr\/wp-content\/uploads\/2021\/07\/52083714696_f94f3ca235_o-214x300.jpg 214w, https:\/\/heale.fr\/wp-content\/uploads\/2021\/07\/52083714696_f94f3ca235_o-731x1024.jpg 731w\" data-aspect=\"0.71377587437545\" \/><\/figure>\t\t\t<\/div><!-- \/.ld-pf-image -->\n\n\t\t\t<div class=\"ld-pf-bg\"><\/div><!-- \/.ld-pf-bg -->\n\t\t\t\n\t\t\t<div class=\"ld-pf-details\">\n\t\t\t\t<div class=\"ld-pf-details-inner\">\n\t\t\t\t\t\n\t\t\t\t\t<h3 class=\"ld-pf-title h4 font-weight-semibold\">Caribbean Karate Open<\/h3>\n\t\t\t\t\t<p class=\"ld-pf-category ld-pf-category-lined\">\n\t\t\t\t\t\t\n\t\t\t\t\t\t<span class=\"ld-pf-category-item font-style-italic\" data-split-text=\"true\" data-split-options='{ \"type\": \"chars, words\" }' data-custom-animations=\"true\" data-ca-options='{ \"triggerHandler\": \"mouseenter\", \"triggerTarget\": \".ld-pf-item\", \"triggerRelation\": \"closest\", \"offTriggerHandler\": \"mouseleave\", \"animationTarget\": \"all-childs\", \"duration\": 170, \"delay\": 20, \"offDuration\": 100, \"easing\": \"easeOutCirc\", \"initValues\": { \"translateY\": 0, \"opacity\": 1 }, \"animations\": { \"translateY\": -10, \"opacity\": 0 } }'>Events &amp; Communication Consulting<\/span>\t\t\t\t\t\t\t\n\t\t\t\t\t\t<span class=\"read-more color-primary text-uppercase font-weight-bold ltr-sp-05\" data-split-text=\"true\" data-split-options='{ \"type\": \"chars, words\" }' data-custom-animations=\"true\" data-ca-options='{ \"triggerHandler\": \"mouseenter\", \"triggerTarget\": \".ld-pf-item\", \"triggerRelation\": \"closest\", \"offTriggerHandler\": \"mouseleave\", \"animationTarget\": \".split-inner\", \"duration\": 150, \"delay\": 20, \"startDelay\": 100, \"offDuration\": 100, \"easing\": \"easeOutCirc\", \"initValues\": { \"translateY\": 10, \"opacity\": 0 }, \"animations\": { \"translateY\": 0, \"opacity\": 1 } }'>Discover More<\/span>\n\n\t\t\t\t\t<\/p>\n\n\t\t\t\t<\/div><!-- \/.ld-pf-details-inner -->\n\t\t\t<\/div><!-- \/.ld-pf-details -->\n\t\t\t\n\t\t\t<a class=\"liquid-overlay-link\" href=\"https:\/\/heale.fr\/en\/portfolio\/caribbean-karate-open\/\"><\/a>\t\t\t\n\t\t<\/div><!-- \/.ld-pf-inner -->\n\t\t\n\t<\/article><!-- \/.ld-pf-item -->\n\t\n<\/div><!-- \/.carousel-item col-lg-8 col-md-6 col-xs-12 --><\/div><!-- \/.carousel-item --><\/div><!-- \/.carousel-container -->[\/vc_column][\/vc_row][vc_row parallax=&#8221;enable_parallax&#8221; enable_overlay=&#8221;yes&#8221; css=&#8221;.vc_custom_1680365715875{margin-top: 40px !important;padding-top: 110px !important;padding-bottom: 120px !important;background-image: url(https:\/\/heale.fr\/wp-content\/uploads\/2021\/06\/CTA-min.jpg?id=4431) !important;}&#8221; overlay_bg=&#8221;rgba(0, 0, 0, 0.22)&#8221; el_class=&#8221;bannerCTA&#8221; responsive_css=&#8221;margin_top_large:90px&#8221;][vc_column width=&#8221;5\/6&#8243; enable_content_animation=&#8221;yes&#8221; ca_init_scale_x=&#8221;1&#8243; ca_init_scale_y=&#8221;1&#8243; ca_init_scale_z=&#8221;1&#8243; ca_init_opacity=&#8221;0&#8243; ca_an_scale_x=&#8221;1&#8243; ca_an_scale_y=&#8221;1&#8243; ca_an_scale_z=&#8221;1&#8243; ca_an_opacity=&#8221;1&#8243; align=&#8221;text-center&#8221; offset=&#8221;vc_col-md-offset-2 vc_col-md-8 vc_col-sm-offset-0&#8243; ca_init_translate_y=&#8221;52&#8243; ca_init_translate_x=&#8221;0&#8243; ca_duration=&#8221;1200&#8243; ca_delay=&#8221;160&#8243; ca_init_translate_z=&#8221;-142&#8243; ca_init_rotate_x=&#8221;-64&#8243;][vc_row_inner][vc_column_inner][\/vc_column_inner][\/vc_row_inner]<style>.ld_fancy_heading_69f5e8eaf06b4 h2{font-size:72px;line-height:1em;letter-spacing:-0.025em;color:rgb(255, 255, 255);}.ld_fancy_heading_69f5e8eaf06b4 .lqd-highlight-inner{height:0.275em;bottom:0px;}<\/style><div class=\"ld-fancy-heading bannerTitle ld_fancy_heading_69f5e8eaf06b4\">\r\n\t<h2 class=\"lqd-highlight-underline lqd-highlight-grow-left\" data-fittext=\"true\" data-fittext-options='{\"compressor\":0.7,\"maxFontSize\":\"72\",\"minFontSize\":\"30\"}'><span class=\"ld-fh-txt\"> For the passion and the future of Caribbean sport<\/span><\/h2><\/div><style>.ld_fancy_heading_69f5e8eaf086f p{font-size:24px;line-height:1.25em;color:rgb(255, 255, 255);}@media (min-width: 992px) { .ld_fancy_heading_69f5e8eaf086f p {margin-right:5% !important; margin-left:5% !important;  }  } .ld_fancy_heading_69f5e8eaf086f .lqd-highlight-inner{height:0.275em;bottom:0px;}@media (min-width: 992px) { .ld_fancy_heading_69f5e8eaf086f p {margin-right:5% !important; margin-left:5% !important;  }  } <\/style><div class=\"ld-fancy-heading subtitle ld_fancy_heading_69f5e8eaf086f\">\r\n\t<p class=\"lqd-highlight-underline lqd-highlight-grow-left\" ><span class=\"ld-fh-txt\"> Together, let&#8217;s work for the realization of innovative projects and the development of your sports structures.<\/span><\/p><\/div>[\/vc_column][vc_column align=&#8221;text-center&#8221;]<style>.ld_spacer_69f5e8eaf0952{height:32px;}<\/style>\r\n<div class=\"ld-empty-space ld_spacer_69f5e8eaf0952\"><span class=\"liquid_empty_space_inner\"><\/span><\/div><style>.ld_button_69f5e8eaf0aa9.btn-icon-solid .btn-icon{background:rgb(253, 115, 80);}.ld_button_69f5e8eaf0aa9.btn-icon-circle.btn-icon-ripple .btn-icon:before{border-color:rgb(253, 115, 80);}.ld_button_69f5e8eaf0aa9.btn-icon-solid:hover .btn-icon{background:rgb(0, 114, 187);}.ld_button_69f5e8eaf0aa9{background-color:rgb(253, 115, 80);border-color:rgb(253, 115, 80);font-size:16px !important;font-weight:700 !important;letter-spacing:0.05em !important;}.ld_button_69f5e8eaf0aa9:hover{background-color:rgb(0, 114, 187);border-color:rgb(0, 114, 187);color:rgb(255, 255, 255);}.ld_button_69f5e8eaf0aa9 .btn-gradient-bg-hover{background:-webkit-linear-gradient(to right, rgb(0, 114, 187) 0%, rgb(0, 114, 187) 100%);background:linear-gradient(to right, rgb(0, 114, 187) 0%, rgb(0, 114, 187) 100%);}.ld_button_69f5e8eaf0aa9 .btn-gradient-border defs stop:first-child{stop-color:rgb(253, 115, 80);}.ld_button_69f5e8eaf0aa9 .btn-gradient-border defs stop:last-child{stop-color:rgb(253, 115, 80);}.ld_button_69f5e8eaf0aa9:hover .btn-gradient-border defs stop:first-child{stop-color:rgb(0, 114, 187);}.ld_button_69f5e8eaf0aa9:hover .btn-gradient-border defs stop:last-child{stop-color:rgb(0, 114, 187);}<\/style><a href=\"https:\/\/heale.fr\/contact\/\" class=\"btn btn-solid text-uppercase circle btn-bordered border-thin ld_button_69f5e8eaf0aa9 vc_custom_1680361955451\">\r\n\t<span>\r\n\t\t\r\n\t\t\t\t\t<span class=\"btn-txt\">Contact us<\/span>\r\n\t\t\t\r\n\t\t\t\t<\/span>\r\n<\/a>\r\n[\/vc_column][\/vc_row]<\/p>\n","protected":false},"excerpt":{"rendered":"<p>[vc_row css=&#8221;.vc_custom_1680366887174{padding-top: 40px !important;padding-bottom: 10px !important;}&#8221; el_class=&#8221;content2&#8243; responsive_css=&#8221;padding_bottom_large:50px|padding_top_medium:50px|padding_bottom_medium:25px&#8221;][vc_column enable_content_animation=&#8221;yes&#8221; ca_init_scale_x=&#8221;1&#8243; ca_init_scale_y=&#8221;1&#8243; ca_init_scale_z=&#8221;1&#8243; ca_init_opacity=&#8221;1&#8243; ca_an_scale_x=&#8221;1&#8243; ca_an_scale_y=&#8221;1&#8243;&#8230;<\/p>\n","protected":false},"author":1,"featured_media":0,"parent":0,"menu_order":0,"comment_status":"closed","ping_status":"closed","template":"","meta":{"_themeisle_gutenberg_block_has_review":false,"footnotes":""},"class_list":["post-5158","page","type-page","status-publish","hentry"],"_links":{"self":[{"href":"https:\/\/heale.fr\/en\/wp-json\/wp\/v2\/pages\/5158","targetHints":{"allow":["GET"]}}],"collection":[{"href":"https:\/\/heale.fr\/en\/wp-json\/wp\/v2\/pages"}],"about":[{"href":"https:\/\/heale.fr\/en\/wp-json\/wp\/v2\/types\/page"}],"author":[{"embeddable":true,"href":"https:\/\/heale.fr\/en\/wp-json\/wp\/v2\/users\/1"}],"replies":[{"embeddable":true,"href":"https:\/\/heale.fr\/en\/wp-json\/wp\/v2\/comments?post=5158"}],"version-history":[{"count":3,"href":"https:\/\/heale.fr\/en\/wp-json\/wp\/v2\/pages\/5158\/revisions"}],"predecessor-version":[{"id":5216,"href":"https:\/\/heale.fr\/en\/wp-json\/wp\/v2\/pages\/5158\/revisions\/5216"}],"wp:attachment":[{"href":"https:\/\/heale.fr\/en\/wp-json\/wp\/v2\/media?parent=5158"}],"curies":[{"name":"wp","href":"https:\/\/api.w.org\/{rel}","templated":true}]}}